{"id":11,"date":"2012-04-14T11:39:52","date_gmt":"2012-04-14T10:39:52","guid":{"rendered":"http:\/\/www.islandfreundehamburg.de\/blog\/?page_id=11"},"modified":"2025-03-05T19:32:23","modified_gmt":"2025-03-05T18:32:23","slug":"verein","status":"publish","type":"page","link":"https:\/\/www.islandfreundehamburg.de\/?page_id=11","title":{"rendered":"Verein"},"content":{"rendered":"\n<p>Am 15. M\u00e4rz 1913 wurde in Dresden die Gr\u00fcndung der \u201eVereinigung der Islandfreunde\u201c beschlossen. Es war eine logische Folge der fast tausend Jahre w\u00e4hrenden guten Beziehungen zwischen Isl\u00e4ndern und Deutschen. Am 28. Juni 1913 fand in Dresden die erste Mitgliederversammlung statt und bereits nach einem Jahr hatte die Vereinigung 120 Mitglieder, die sich im Laufe der Jahre auf 334 erh\u00f6hte. Da das Nazi-Regime versuchte, die Vereinigung f\u00fcr ihre Zwecke zu benutzen, l\u00f6ste sie sich Ende 1936 \u2013 Anfang 1937 auf.<\/p>\n\n\n\n<p>1950 wurde die heutige \u201eGesellschaft der Freunde Islands e.V. Hamburg\u201c gegr\u00fcndet. Sie sieht ihre Aufgabe darin, alle, die sich mit Island verbunden f\u00fchlen, zusammen zu fassen, Vortr\u00e4ge anzubieten und auf Veranstaltungen, die Island betreffen, aufmerksam zu machen. Selbstverst\u00e4ndlich beteiligt sie sich an Veranstaltungen oder organisiert selbst Treffen f\u00fcr die Mitglieder.<\/p>\n\n\n\n<p>Zweimal im Jahr erscheinen die Zeitschrift <a href=\"https:\/\/www.islandfreundehamburg.de\/?page_id=70\" data-type=\"link\" data-id=\"https:\/\/www.islandfreundehamburg.de\/?page_id=70\">\u201eIsland\u201c<\/a>, ein hochwertiges Journal \u2013 vom Erscheinungsbild bis zum Inhalt; es werden Aufs\u00e4tze und Essays \u00fcber Island und die Isl\u00e4nder, \u00fcber Wirtschaft, Politik, Kultur und Natur und nat\u00fcrlich \u00fcber Literatur und Buchbesprechungen gebracht. Die Vereinsseite informiert \u00fcber die Aktivit\u00e4ten des Vereins. Mitglieder erhalten die Zeitschrift kostenlos.<\/p>\n\n\n\n<p>Wenn Sie Island lieben und mehr \u00fcber dieses \u201eWunderland\u201c erfahren m\u00f6chten, rufen Sie uns an, schreiben Sie uns einen Brief oder eine E-Mail und am besten: <strong>Treten Sie unserer Gesellschaft als Mitglied bei!<\/strong> Laden Sie dazu einfach nur das <strong><a href=\"https:\/\/www.islandfreundehamburg.de\/wp-content\/uploads\/2025\/02\/beitritt_gdfi.pdf\" data-type=\"link\" data-id=\"https:\/\/www.islandfreundehamburg.de\/wp-content\/uploads\/2025\/02\/beitritt_gdfi.pdf\">Beitrittsormular<\/a><\/strong> herunter und schicken Sie es uns auf dem Postweg zu.<\/p>\n\n\n\n<p><\/p>\n","protected":false},"excerpt":{"rendered":"<p>Am 15. M\u00e4rz 1913 wurde in Dresden die Gr\u00fcndung der \u201eVereinigung der Islandfreunde\u201c beschlossen. Es war eine logische Folge der fast tausend Jahre w\u00e4hrenden guten Beziehungen zwischen Isl\u00e4ndern und Deutschen. Am 28. Juni 1913 fand in Dresden die erste Mitgliederversammlung &hellip; <a href=\"https:\/\/www.islandfreundehamburg.de\/?page_id=11\">Weiterlesen <span class=\"meta-nav\">&rarr;<\/span><\/a><\/p>\n","protected":false},"author":1,"featured_media":0,"parent":0,"menu_order":20,"comment_status":"closed","ping_status":"closed","template":"sidebar-page.php","meta":{"footnotes":""},"class_list":["post-11","page","type-page","status-publish","hentry"],"_links":{"self":[{"href":"https:\/\/www.islandfreundehamburg.de\/index.php?rest_route=\/wp\/v2\/pages\/11","targetHints":{"allow":["GET"]}}],"collection":[{"href":"https:\/\/www.islandfreundehamburg.de\/index.php?rest_route=\/wp\/v2\/pages"}],"about":[{"href":"https:\/\/www.islandfreundehamburg.de\/index.php?rest_route=\/wp\/v2\/types\/page"}],"author":[{"embeddable":true,"href":"https:\/\/www.islandfreundehamburg.de\/index.php?rest_route=\/wp\/v2\/users\/1"}],"replies":[{"embeddable":true,"href":"https:\/\/www.islandfreundehamburg.de\/index.php?rest_route=%2Fwp%2Fv2%2Fcomments&post=11"}],"version-history":[{"count":18,"href":"https:\/\/www.islandfreundehamburg.de\/index.php?rest_route=\/wp\/v2\/pages\/11\/revisions"}],"predecessor-version":[{"id":488,"href":"https:\/\/www.islandfreundehamburg.de\/index.php?rest_route=\/wp\/v2\/pages\/11\/revisions\/488"}],"wp:attachment":[{"href":"https:\/\/www.islandfreundehamburg.de\/index.php?rest_route=%2Fwp%2Fv2%2Fmedia&parent=11"}],"curies":[{"name":"wp","href":"https:\/\/api.w.org\/{rel}","templated":true}]}}