{"id":19,"date":"2012-04-14T11:41:31","date_gmt":"2012-04-14T10:41:31","guid":{"rendered":"http:\/\/www.islandfreundehamburg.de\/blog\/?page_id=19"},"modified":"2025-03-05T19:35:03","modified_gmt":"2025-03-05T18:35:03","slug":"island","status":"publish","type":"page","link":"https:\/\/www.islandfreundehamburg.de\/?page_id=19","title":{"rendered":"Island"},"content":{"rendered":"\n<p>Die Insel aus Feuer und Eis, wie Island gerne genannt wird, liegt nur wenige Kilometer s\u00fcdlich des Polarkreises, mitten im Nordatlantik. Nach Europa, wie die Isl\u00e4nder sagen und damit das europ\u00e4ische Festland meinen, sind es \u00fcber 1.000 Kilometer oder ca. drei Flugstunden zum n\u00e4chsten zentralen Flughafen.<\/p>\n\n\n\n<p>Die Ausdehnung Islands betr\u00e4gt von West nach Ost etwa 500 Kilometer, von Nord nach S\u00fcd circa 350 Kilometer. Die Insel ist 103.000 Quadratkilometer gro\u00df, welches ungef\u00e4hr der Gr\u00f6\u00dfe der Neuen Deutschen Bundesl\u00e4nder entspricht. Insgesamt leben etwa 390.000 Menschen in Island, davon ca. 70% im Gro\u00dfraum Reykjav\u00edk. Verglichen mit einer deutschen Gro\u00dfstadt, hat Hamburg etwa f\u00fcnfmal so viele Einwohner wie ganz Island. Bewohnt sind auf der Insel nur die K\u00fcstenregionen, das Landesinnere besteht zum gr\u00f6\u00dften Teil aus W\u00fcsten und Gletschern. Um die Insel f\u00fchrt die 1.332 Kilometer lange Ringstra\u00dfe. Diese ist die wichtigste Stra\u00dfe Islands und komplett asphaltiert. Sie wird von vielen Touristen gerne f\u00fcr eine Rundreise genutzt. Aber die Ringstra\u00dfe allein ist nicht Island \u2013 abseits gibt es vieles zu entdecken.<\/p>\n\n\n\n<p>Unwegsame Lavaw\u00fcsten, rei\u00dfende Gletscherfl\u00fcsse und nicht zuletzt ein unberechenbares Klima halten f\u00fcr den Unternehmungslustigen manch abenteuerliches, oft nicht ungef\u00e4hrliches Erleben bereit; und hinzukommt, dass sich der Kamera eine endlose Auswahl dankbarer Motive darbietet.<\/p>\n\n\n\n<p>Doch die Vulkan-Insel im Nordmeer bietet dem, der n\u00e4her hinzuschauen wei\u00df, mehr, sehr viel mehr als bisschen Nervenkitzel, mehr als eine Welt geologisch \u00fcberaus attraktiver Erscheinungen. Wer sich die M\u00fche macht, diesem liebenswerten kleinen Volk nahe zu kommen, das sich seit \u00fcber 1100 Jahren z\u00e4h an diesen 103.000qkm gro\u00dfen \u201eFelsen\u201c klammert, dieser in stolzer Selbstst\u00e4ndigkeit verharrender Gemeinschaft, die eine eigenen, vor allem literarische Tradition und Kultur entwickelt hat, die auf der Welt einzigartig ist, der kann sich kaum wieder losrei\u00dfen von diesem Faszinosum, das viele ihr Lebtag mit Heimweh nach der kargen Insel erf\u00fcllt.<\/p>\n\n\n\n<p>Zahllose t\u00f6dliche Bedrohungen, die immer wieder den ganzen Bestand des Volkes infrage gestellt haben: Seuchen, Vulkanausbr\u00fcche, Klimaschl\u00e4ge und nicht zuletzt politische Unterdr\u00fcckung von au\u00dfen, dr\u00fcckten die Einwohnerzahl bis Ende des 18.Jh. auf unter 50.000, und erst in unserer Zeit begann jene geradezu atemberaubende Entwicklung, die der jetzt ca. 390.000 K\u00f6pfe z\u00e4hlenden Isl\u00e4ndischen Nation einen der vordersten Pl\u00e4tze im europ\u00e4ischen Lebensstandard beschert.<\/p>\n\n\n\n<p>F\u00fcr das verh\u00e4ltnism\u00e4\u00dfig milde Klima sorgt der Golfstrom, dessen Ausl\u00e4ufer die Insel streifen. So sind die Winter, besonders im S\u00fcdland, relativ mild, w\u00e4hrend die Sommer eher k\u00fchl sind. Schnelle Wetterwechsel werden durch das Aufeinandertreffen von Warm- und Kaltluftmassen aus dem Norden verursacht.<\/p>\n\n\n\n<p>Geologisch gesehen geh\u00f6rt Island mit einem Alter von ca. 20 Millionen Jahren zu den j\u00fcngsten Regionen unserer Erde. Durch die bis heute aktiven Vulkane wird noch immer am Aufbau der Insel gearbeitet.<\/p>\n\n\n\n<p>Nach der ersten Besiedlung im Jahr 874 n. Chr. entwickelte sich eine eigene Kultur, deren Geschichte nahezu l\u00fcckenlos niedergeschrieben wurde. Viele dieser Schriften sind erhalten geblieben. Da sich die isl\u00e4ndische Sprache \u00fcber die Jahrhunderte kaum ver\u00e4nderte, k\u00f6nnen die Isl\u00e4nder ihre alten Schriften noch heute lesen.<\/p>\n\n\n\n<p>Island geh\u00f6rt heute zu den modernsten Staaten unserer Erde. Der Lebensstandard und die Lebenserwartung sind statistisch gesehen weit h\u00f6her als in Deutschland. Die Fischerei war Jahrhundertelang die Erwerbsquelle Nummer eins und ist inzwischen nach Tourismus und energieintensiver Industrie (z.B. Aluminium und Serverparks) an die dritte Stelle gerutscht. In der Fischerei spielen hochwertige Fischprodukte \u2013insbesondere f\u00fcr den medizinischen Bereich- eine wachsende Rolle.<\/p>\n\n\n\n<p>Ein Energieproblem kennt Island nicht. Erdw\u00e4rme und Wasserkraft versorgen das ganze Land mit Strom und W\u00e4rme. Als 3. Energieressource soll nun auch Windkraft dazu kommen.<\/p>\n","protected":false},"excerpt":{"rendered":"<p>Die Insel aus Feuer und Eis, wie Island gerne genannt wird, liegt nur wenige Kilometer s\u00fcdlich des Polarkreises, mitten im Nordatlantik. Nach Europa, wie die Isl\u00e4nder sagen und damit das europ\u00e4ische Festland meinen, sind es \u00fcber 1.000 Kilometer oder ca. &hellip; <a href=\"https:\/\/www.islandfreundehamburg.de\/?page_id=19\">Weiterlesen <span class=\"meta-nav\">&rarr;<\/span><\/a><\/p>\n","protected":false},"author":1,"featured_media":0,"parent":0,"menu_order":60,"comment_status":"closed","ping_status":"closed","template":"sidebar-page.php","meta":{"footnotes":""},"class_list":["post-19","page","type-page","status-publish","hentry"],"_links":{"self":[{"href":"https:\/\/www.islandfreundehamburg.de\/index.php?rest_route=\/wp\/v2\/pages\/19","targetHints":{"allow":["GET"]}}],"collection":[{"href":"https:\/\/www.islandfreundehamburg.de\/index.php?rest_route=\/wp\/v2\/pages"}],"about":[{"href":"https:\/\/www.islandfreundehamburg.de\/index.php?rest_route=\/wp\/v2\/types\/page"}],"author":[{"embeddable":true,"href":"https:\/\/www.islandfreundehamburg.de\/index.php?rest_route=\/wp\/v2\/users\/1"}],"replies":[{"embeddable":true,"href":"https:\/\/www.islandfreundehamburg.de\/index.php?rest_route=%2Fwp%2Fv2%2Fcomments&post=19"}],"version-history":[{"count":6,"href":"https:\/\/www.islandfreundehamburg.de\/index.php?rest_route=\/wp\/v2\/pages\/19\/revisions"}],"predecessor-version":[{"id":489,"href":"https:\/\/www.islandfreundehamburg.de\/index.php?rest_route=\/wp\/v2\/pages\/19\/revisions\/489"}],"wp:attachment":[{"href":"https:\/\/www.islandfreundehamburg.de\/index.php?rest_route=%2Fwp%2Fv2%2Fmedia&parent=19"}],"curies":[{"name":"wp","href":"https:\/\/api.w.org\/{rel}","templated":true}]}}