{"id":4,"date":"2012-04-04T23:44:46","date_gmt":"2012-04-04T22:44:46","guid":{"rendered":"http:\/\/www.islandfreundehamburg.de\/blog\/?page_id=4"},"modified":"2024-04-04T09:15:01","modified_gmt":"2024-04-04T07:15:01","slug":"impressum","status":"publish","type":"page","link":"https:\/\/www.islandfreundehamburg.de\/?page_id=4","title":{"rendered":"Impressum"},"content":{"rendered":"<p><strong>Angaben gem\u00e4\u00df \u00a7 5 TMG:<\/strong><br \/>\nGesellschaft der Freunde Islands\u00a0 e.V. Hamburg<br \/>\nRoswitha M\u00fcllerwiebus<br \/>\nPeter-Lunding-Weg 33<br \/>\n25474 Hasloh<\/p>\n<p><strong>Vertreten durch:<\/strong><br \/>\nRoswitha M\u00fcllerwiebus<\/p>\n<p><strong>Vorstand:<\/strong><br \/>\nRoswitha M\u00fcllerwiebus<br \/>\nLilja Schopka-Brasch<br \/>\nVerona J\u00e4ger<\/p>\n<p><strong>Kontakt:<\/strong><br \/>\nTelefon: +49 (0)\u00a04106 2689<br \/>\nE-Mail: <a href=\"mailto:Gesellschaft-Freunde-Islands@t-online.de\">Gesellschaft-Freunde-Islands@t-online.de<\/a><\/p>\n<p><strong>Bankverbindung:<br \/>\n<\/strong>Hamburger Volksbank eG<br \/>\nIBAN DE18 2019 0003 0043 3770 09<br \/>\nBIC GENODEF1HH2<\/p>\n<p><strong>Registereintrag:<\/strong><br \/>\nEintragung im Vereinsregister.<br \/>\nRegistergericht: Amtsgericht Hamburg<br \/>\nRegisternummer: 4958<\/p>\n<p><strong>Verantwortlich f\u00fcr den Inhalt nach \u00a7 55 Abs. 2 RStV:<\/strong><br \/>\nRoswitha M\u00fcllerwiebus<br \/>\nPeter-Lunding-Weg 33<br \/>\n25474 Hasloh<\/p>\n<p><strong>Quellenangaben f\u00fcr die verwendeten Bilder und Grafiken:<\/strong><br \/>\nDie Bilder stammen \u2013 wenn nicht anders angegeben \u2013 von unterschiedlichen Mitgliedern unseres Vereins und sind urheberrechtlich gesch\u00fctzt.<br \/>\nWir bedanken uns herzlich bei Einar Beckmann f\u00fcr die Genehmigung zur Verwendung des Bildes im Beitrag &#8222;Der Bildhauer Wilhelm Ernst Beckmann (1909\u20131965) \u2013 ein &#8218;deutscher Isl\u00e4nder'&#8220;.<\/p>\n<h1><strong>Haftungsausschluss<\/strong><\/h1>\n<p><strong>Haftung f\u00fcr Inhalte:<\/strong><br \/>\nDie Inhalte unserer Seiten wurden mit gr\u00f6\u00dfter Sorgfalt erstellt. F\u00fcr die Richtigkeit, Vollst\u00e4ndigkeit und Aktualit\u00e4t der Inhalte k\u00f6nnen wir jedoch keine Gew\u00e4hr \u00fcbernehmen. Als Diensteanbieter sind wir gem\u00e4\u00df \u00a7 7 Abs.1 TMG f\u00fcr eigene Inhalte auf diesen Seiten nach den allgemeinen Gesetzen verantwortlich. Nach \u00a7\u00a7 8 bis 10 TMG sind wir als Diensteanbieter jedoch nicht verpflichtet, \u00fcbermittelte oder gespeicherte fremde Informationen zu \u00fcberwachen oder nach Umst\u00e4nden zu forschen, die auf eine rechtswidrige T\u00e4tigkeit hinweisen. Verpflichtungen zur Entfernung oder Sperrung der Nutzung von Informationen nach den allgemeinen Gesetzen bleiben hiervon unber\u00fchrt. Eine diesbez\u00fcgliche Haftung ist jedoch erst ab dem Zeitpunkt der Kenntnis einer konkreten Rechtsverletzung m\u00f6glich. Bei Bekanntwerden von entsprechenden Rechtsverletzungen werden wir diese Inhalte umgehend entfernen.<\/p>\n<p><strong>Haftung f\u00fcr Links:<\/strong><br \/>\nUnser Angebot enth\u00e4lt Links zu externen Webseiten Dritter, auf deren Inhalte wir keinen Einfluss haben. Deshalb k\u00f6nnen wir f\u00fcr diese fremden Inhalte auch keine Gew\u00e4hr \u00fcbernehmen. F\u00fcr die Inhalte der verlinkten Seiten ist stets der jeweilige Anbieter oder Betreiber der Seiten verantwortlich. Die verlinkten Seiten wurden zum Zeitpunkt der Verlinkung auf m\u00f6gliche Rechtsverst\u00f6\u00dfe \u00fcberpr\u00fcft. Rechtswidrige Inhalte waren zum Zeitpunkt der Verlinkung nicht erkennbar. Eine permanente inhaltliche Kontrolle der verlinkten Seiten ist jedoch ohne konkrete Anhaltspunkte einer Rechtsverletzung nicht zumutbar. Bei Bekanntwerden von Rechtsverletzungen werden wir derartige Links umgehend entfernen.<\/p>\n<p><strong>Urheberrecht:<\/strong><br \/>\nDie durch die Seitenbetreiber erstellten Inhalte und Werke auf diesen Seiten unterliegen dem deutschen Urheberrecht. Die Vervielf\u00e4ltigung, Bearbeitung, Verbreitung und jede Art der Verwertung au\u00dferhalb der Grenzen des Urheberrechtes bed\u00fcrfen der schriftlichen Zustimmung des jeweiligen Autors bzw. Erstellers. Downloads und Kopien dieser Seite sind nur f\u00fcr den privaten, nicht kommerziellen Gebrauch gestattet. Soweit die Inhalte auf dieser Seite nicht vom Betreiber erstellt wurden, werden die Urheberrechte Dritter beachtet. Insbesondere werden Inhalte Dritter als solche gekennzeichnet. Sollten Sie trotzdem auf eine Urheberrechtsverletzung aufmerksam werden, bitten wir um einen entsprechenden Hinweis. Bei Bekanntwerden von Rechtsverletzungen werden wir derartige Inhalte umgehend entfernen.<\/p>\n<p><strong>Datenschutz:<\/strong><br \/>\nDie Nutzung unserer Webseite ist in der Regel ohne Angabe personenbezogener Daten m\u00f6glich. Soweit auf unseren Seiten personenbezogene Daten (beispielsweise Name, Anschrift oder eMail-Adressen) erhoben werden, erfolgt dies, soweit m\u00f6glich, stets auf freiwilliger Basis. Diese Daten werden ohne Ihre ausdr\u00fcckliche Zustimmung nicht an Dritte weitergegeben.<br \/>\nWir weisen darauf hin, dass die Daten\u00fcbertragung im Internet (z.B. bei der Kommunikation per E-Mail) Sicherheitsl\u00fccken aufweisen kann. Ein l\u00fcckenloser Schutz der Daten vor dem Zugriff durch Dritte ist nicht m\u00f6glich.<br \/>\nDer Nutzung von im Rahmen der Impressumspflicht ver\u00f6ffentlichten Kontaktdaten durch Dritte zur \u00dcbersendung von nicht ausdr\u00fccklich angeforderter Werbung und Informationsmaterialien wird hiermit ausdr\u00fccklich widersprochen. Die Betreiber der Seiten behalten sich ausdr\u00fccklich rechtliche Schritte im Falle der unverlangten Zusendung von Werbeinformationen, etwa durch Spam-Mails, vor.<\/p>\n<p><em>Quelle: <a href=\"http:\/\/www.e-recht24.de\/impressum-generator.html\">eRecht24<\/a> \u2013 Karsten Fernkorn &amp; S\u00f6ren Siebert GbR<\/em><\/p>\n","protected":false},"excerpt":{"rendered":"<p>Angaben gem\u00e4\u00df \u00a7 5 TMG: Gesellschaft der Freunde Islands\u00a0 e.V. Hamburg Roswitha M\u00fcllerwiebus Peter-Lunding-Weg 33 25474 Hasloh Vertreten durch: Roswitha M\u00fcllerwiebus Vorstand: Roswitha M\u00fcllerwiebus Lilja Schopka-Brasch Verona J\u00e4ger Kontakt: Telefon: +49 (0)\u00a04106 2689 E-Mail: Gesellschaft-Freunde-Islands@t-online.de Bankverbindung: Hamburger Volksbank eG IBAN &hellip; <a href=\"https:\/\/www.islandfreundehamburg.de\/?page_id=4\">Weiterlesen <span class=\"meta-nav\">&rarr;<\/span><\/a><\/p>\n","protected":false},"author":1,"featured_media":0,"parent":0,"menu_order":90,"comment_status":"closed","ping_status":"closed","template":"sidebar-page.php","meta":{"footnotes":""},"class_list":["post-4","page","type-page","status-publish","hentry"],"_links":{"self":[{"href":"https:\/\/www.islandfreundehamburg.de\/index.php?rest_route=\/wp\/v2\/pages\/4","targetHints":{"allow":["GET"]}}],"collection":[{"href":"https:\/\/www.islandfreundehamburg.de\/index.php?rest_route=\/wp\/v2\/pages"}],"about":[{"href":"https:\/\/www.islandfreundehamburg.de\/index.php?rest_route=\/wp\/v2\/types\/page"}],"author":[{"embeddable":true,"href":"https:\/\/www.islandfreundehamburg.de\/index.php?rest_route=\/wp\/v2\/users\/1"}],"replies":[{"embeddable":true,"href":"https:\/\/www.islandfreundehamburg.de\/index.php?rest_route=%2Fwp%2Fv2%2Fcomments&post=4"}],"version-history":[{"count":27,"href":"https:\/\/www.islandfreundehamburg.de\/index.php?rest_route=\/wp\/v2\/pages\/4\/revisions"}],"predecessor-version":[{"id":447,"href":"https:\/\/www.islandfreundehamburg.de\/index.php?rest_route=\/wp\/v2\/pages\/4\/revisions\/447"}],"wp:attachment":[{"href":"https:\/\/www.islandfreundehamburg.de\/index.php?rest_route=%2Fwp%2Fv2%2Fmedia&parent=4"}],"curies":[{"name":"wp","href":"https:\/\/api.w.org\/{rel}","templated":true}]}}